{"id":8346,"date":"2025-04-16T16:31:52","date_gmt":"2025-04-16T14:31:52","guid":{"rendered":"https:\/\/taennlegeister.de\/crm\/colibri-wp\/"},"modified":"2025-11-28T11:28:29","modified_gmt":"2025-11-28T10:28:29","slug":"colibri-wp","status":"publish","type":"page","link":"https:\/\/taennlegeister.de\/crm\/colibri-wp\/","title":{"rendered":"Willkommen"},"content":{"rendered":"<div data-colibri-id=\"8346-c1\" class=\"style-228 style-local-8346-c1 position-relative\">\n  <!---->\n  <div data-colibri-component=\"section\" data-colibri-id=\"8346-c2\" id=\"about\" class=\"h-section h-section-global-spacing d-flex align-items-lg-center align-items-md-center align-items-center style-229 style-local-8346-c2 position-relative\">\n    <!---->\n    <!---->\n    <div class=\"h-section-grid-container h-section-boxed-container\">\n      <!---->\n      <div data-colibri-id=\"8346-c3\" class=\"h-row-container gutters-row-lg-2 gutters-row-md-2 gutters-row-1 gutters-row-v-lg-2 gutters-row-v-md-2 gutters-row-v-1 style-230 style-local-8346-c3 position-relative\">\n        <!---->\n        <div class=\"h-row justify-content-lg-center justify-content-md-center justify-content-center align-items-lg-stretch align-items-md-stretch align-items-stretch gutters-col-lg-2 gutters-col-md-2 gutters-col-1 gutters-col-v-lg-2 gutters-col-v-md-2 gutters-col-v-1\">\n          <!---->\n          <div class=\"h-column h-column-container d-flex h-col-lg-auto h-col-md-auto h-col-auto style-231-outer style-local-8346-c4-outer\">\n            <div data-colibri-id=\"8346-c4\" class=\"d-flex h-flex-basis h-column__inner h-px-lg-2 h-px-md-2 h-px-2 v-inner-lg-2 v-inner-md-2 v-inner-2 style-231 style-local-8346-c4 position-relative\">\n              <!---->\n              <!---->\n              <div class=\"w-100 h-y-container h-column__content h-column__v-align flex-basis-100 align-self-lg-center align-self-md-center align-self-center\">\n                <!---->\n                <div data-colibri-id=\"8346-c5\" class=\"h-lead h-text h-text-component style-233 style-local-8346-c5 position-relative h-element\">\n                  <!---->\n                  <!---->\n                  <div class=\"\">\n                    <h5><span style=\"color: rgb(70, 112, 127);\">Mit unserem 3 fachen Narrenruf<br> <\/span><em style=\"color: rgb(70, 112, 127);\">&#8222;T\u00e4nnle-Geister&#8220;<\/em><span style=\"color: rgb(70, 112, 127);\"><br>hei\u00dfen wir dich auf unsere Homepage<br> <br><\/span>\n                      <strong\n                        style=\"color: rgb(70, 112, 127); font-weight: 800;\"><em>Herzlich Willkommen<\/em><\/strong><span style=\"color: rgb(70, 112, 127);\"><br><br>Auf der Seite findest du allerlei Wissenswertes \u00fcber uns<\/span><\/h5>\n                    <p>\n                      <br>\n                    <\/p>\n                  <\/div>\n                <\/div>\n                <div data-colibri-id=\"8346-c6\" class=\"h-text h-text-component style-234 style-local-8346-c6 position-relative h-element\">\n                  <!---->\n                  <!---->\n                  <div class=\"\">\n                    <p>Ob Historie, Unser H\u00e4s, das sch\u00f6ne Gedicht der T\u00e4nnlegeister oder auch aktuelles wie unserer Termine, Ausfahrten oder Veranstaltungen. \u2026. es ist alles auf unserer Website zu finden. Sollte doch was fehlen, lass es uns einfach Wissen.\n                      Kontakt per Mail, ist der einfachste Weg.<\/p>\n                    <p>So\u2026 nun w\u00fcnschen wir dir viel Spa\u00df auf unserer Seite.<\/p>\n                  <\/div>\n                <\/div>\n              <\/div>\n            <\/div>\n          <\/div>\n          <div class=\"h-column h-column-container d-flex h-col-lg-auto h-col-md-auto h-col-auto style-237-outer style-local-8346-c7-outer\">\n            <div data-colibri-id=\"8346-c7\" class=\"d-flex h-flex-basis h-column__inner h-px-lg-2 h-px-md-2 h-px-1 v-inner-lg-2 v-inner-md-2 v-inner-1 style-237 style-local-8346-c7 position-relative\">\n              <!---->\n              <!---->\n              <div class=\"w-100 h-y-container h-column__content h-column__v-align flex-basis-100 align-self-lg-center align-self-md-center align-self-center\">\n                <!---->\n                <div data-colibri-id=\"8346-c8\" data-aos=\"slideInUp\" class=\"h-multiple-image style-238 style-local-8346-c8 position-relative h-element\">\n                  <!---->\n                  <div class=\"position-relative\">\n                    <div class=\"h-multiple-image-inside-container\">\n                      <div class=\"ratio-inner\">\n                        <div data-colibri-id=\"8346-c9\" class=\"d-block style-239 style-local-8346-c9 position-relative h-element\">\n                          <!---->\n                          <div class=\"h-image__frame-container-outer\">\n                            <div class=\"h-image__frame-container\">\n                              <!---->\n                              <!---->\n                              <img data-recalc-dims=\"1\" loading=\"lazy\" decoding=\"async\" width=\"1917\" height=\"1731\" data-attachment-id=\"8556\" data-permalink=\"https:\/\/taennlegeister.de\/crm\/img_8564\/img_8564-2\/\" data-orig-file=\"https:\/\/i0.wp.com\/taennlegeister.de\/crm\/wp-content\/uploads\/2025\/04\/cropped-IMG_8564-scaled-1.jpeg?fit=1917%2C1731&amp;ssl=1\" data-orig-size=\"1917,1731\" data-comments-opened=\"0\" data-image-meta=\"{&quot;aperture&quot;:&quot;1.78&quot;,&quot;credit&quot;:&quot;&quot;,&quot;camera&quot;:&quot;iPhone 14 Pro Max&quot;,&quot;caption&quot;:&quot;&quot;,&quot;created_timestamp&quot;:&quot;1707572849&quot;,&quot;copyright&quot;:&quot;&quot;,&quot;focal_length&quot;:&quot;6.86&quot;,&quot;iso&quot;:&quot;80&quot;,&quot;shutter_speed&quot;:&quot;0.0018018018018&quot;,&quot;title&quot;:&quot;&quot;,&quot;orientation&quot;:&quot;1&quot;}\" data-image-title=\"IMG_8564\" data-image-description=\"&lt;p&gt;https:\/\/taennlegeister.de\/crm\/wp-content\/uploads\/2025\/04\/cropped-IMG_8564-scaled-1.jpeg&lt;\/p&gt;\n\" data-image-caption=\"\" data-large-file=\"https:\/\/i0.wp.com\/taennlegeister.de\/crm\/wp-content\/uploads\/2025\/04\/cropped-IMG_8564-scaled-1.jpeg?fit=1024%2C925&amp;ssl=1\" src=\"https:\/\/i0.wp.com\/taennlegeister.de\/crm\/wp-content\/uploads\/2025\/04\/cropped-IMG_8564-scaled-1.jpeg?resize=1917%2C1731&#038;ssl=1\" class=\"style-238-images style-local-8346-c8-images wp-image-8556 style-239-image style-local-8346-c9-image\" alt=\"\" srcset=\"https:\/\/i0.wp.com\/taennlegeister.de\/crm\/wp-content\/uploads\/2025\/04\/cropped-IMG_8564-scaled-1.jpeg?w=1917&amp;ssl=1 1917w, https:\/\/i0.wp.com\/taennlegeister.de\/crm\/wp-content\/uploads\/2025\/04\/cropped-IMG_8564-scaled-1.jpeg?resize=300%2C271&amp;ssl=1 300w, https:\/\/i0.wp.com\/taennlegeister.de\/crm\/wp-content\/uploads\/2025\/04\/cropped-IMG_8564-scaled-1.jpeg?resize=1024%2C925&amp;ssl=1 1024w, https:\/\/i0.wp.com\/taennlegeister.de\/crm\/wp-content\/uploads\/2025\/04\/cropped-IMG_8564-scaled-1.jpeg?resize=768%2C693&amp;ssl=1 768w, https:\/\/i0.wp.com\/taennlegeister.de\/crm\/wp-content\/uploads\/2025\/04\/cropped-IMG_8564-scaled-1.jpeg?resize=1536%2C1387&amp;ssl=1 1536w\" sizes=\"auto, (max-width: 1000px) 100vw, 1000px\" \/>\n                              <div class=\"h-image__frame h-hide-lg h-hide-md h-hide-sm style-239-frameImage style-local-8346-c9-frameImage\"><\/div>\n                            <\/div>\n                          <\/div>\n                        <\/div>\n                        <div data-colibri-id=\"8346-c10\" class=\"d-block style-240 style-local-8346-c10 position-relative h-element\">\n                          <!---->\n                          <div class=\"h-image__frame-container-outer\">\n                            <div class=\"h-image__frame-container\">\n                              <!---->\n                              <!---->\n                              <img data-recalc-dims=\"1\" loading=\"lazy\" decoding=\"async\" width=\"986\" height=\"1695\" data-attachment-id=\"8553\" data-permalink=\"https:\/\/taennlegeister.de\/crm\/img_8585\/img_8585-2\/\" data-orig-file=\"https:\/\/i0.wp.com\/taennlegeister.de\/crm\/wp-content\/uploads\/2025\/04\/cropped-IMG_8585-scaled-1.jpeg?fit=986%2C1695&amp;ssl=1\" data-orig-size=\"986,1695\" data-comments-opened=\"0\" data-image-meta=\"{&quot;aperture&quot;:&quot;1.78&quot;,&quot;credit&quot;:&quot;&quot;,&quot;camera&quot;:&quot;iPhone 14 Pro Max&quot;,&quot;caption&quot;:&quot;&quot;,&quot;created_timestamp&quot;:&quot;1707575487&quot;,&quot;copyright&quot;:&quot;&quot;,&quot;focal_length&quot;:&quot;6.86&quot;,&quot;iso&quot;:&quot;80&quot;,&quot;shutter_speed&quot;:&quot;0.00106044538706&quot;,&quot;title&quot;:&quot;&quot;,&quot;orientation&quot;:&quot;1&quot;}\" data-image-title=\"IMG_8585\" data-image-description=\"&lt;p&gt;https:\/\/taennlegeister.de\/crm\/wp-content\/uploads\/2025\/04\/cropped-IMG_8585-scaled-1.jpeg&lt;\/p&gt;\n\" data-image-caption=\"\" data-large-file=\"https:\/\/i0.wp.com\/taennlegeister.de\/crm\/wp-content\/uploads\/2025\/04\/cropped-IMG_8585-scaled-1.jpeg?fit=596%2C1024&amp;ssl=1\" src=\"https:\/\/i0.wp.com\/taennlegeister.de\/crm\/wp-content\/uploads\/2025\/04\/cropped-IMG_8585-scaled-1.jpeg?resize=986%2C1695&#038;ssl=1\" class=\"style-238-images style-local-8346-c8-images wp-image-8553 style-240-image style-local-8346-c10-image\" alt=\"\" srcset=\"https:\/\/i0.wp.com\/taennlegeister.de\/crm\/wp-content\/uploads\/2025\/04\/cropped-IMG_8585-scaled-1.jpeg?w=986&amp;ssl=1 986w, https:\/\/i0.wp.com\/taennlegeister.de\/crm\/wp-content\/uploads\/2025\/04\/cropped-IMG_8585-scaled-1.jpeg?resize=175%2C300&amp;ssl=1 175w, https:\/\/i0.wp.com\/taennlegeister.de\/crm\/wp-content\/uploads\/2025\/04\/cropped-IMG_8585-scaled-1.jpeg?resize=596%2C1024&amp;ssl=1 596w, https:\/\/i0.wp.com\/taennlegeister.de\/crm\/wp-content\/uploads\/2025\/04\/cropped-IMG_8585-scaled-1.jpeg?resize=768%2C1320&amp;ssl=1 768w, https:\/\/i0.wp.com\/taennlegeister.de\/crm\/wp-content\/uploads\/2025\/04\/cropped-IMG_8585-scaled-1.jpeg?resize=894%2C1536&amp;ssl=1 894w\" sizes=\"auto, (max-width: 986px) 100vw, 986px\" \/>\n                              <div class=\"h-image__frame h-hide-lg h-hide-md h-hide-sm style-240-frameImage style-local-8346-c10-frameImage\"><\/div>\n                            <\/div>\n                          <\/div>\n                        <\/div>\n                        <div data-colibri-id=\"8346-c11\" class=\"d-block style-241 style-local-8346-c11 position-relative h-element\">\n                          <!---->\n                          <div class=\"h-image__frame-container-outer\">\n                            <div class=\"h-image__frame-container\">\n                              <!---->\n                              <!---->\n                              <img data-recalc-dims=\"1\" loading=\"lazy\" decoding=\"async\" width=\"1917\" height=\"1765\" data-attachment-id=\"8558\" data-permalink=\"https:\/\/taennlegeister.de\/crm\/img_8829\/img_8829-3\/\" data-orig-file=\"https:\/\/i0.wp.com\/taennlegeister.de\/crm\/wp-content\/uploads\/2025\/04\/cropped-IMG_8829-scaled-2.jpeg?fit=1917%2C1765&amp;ssl=1\" data-orig-size=\"1917,1765\" data-comments-opened=\"0\" data-image-meta=\"{&quot;aperture&quot;:&quot;1.78&quot;,&quot;credit&quot;:&quot;&quot;,&quot;camera&quot;:&quot;iPhone 14 Pro Max&quot;,&quot;caption&quot;:&quot;&quot;,&quot;created_timestamp&quot;:&quot;1707748392&quot;,&quot;copyright&quot;:&quot;&quot;,&quot;focal_length&quot;:&quot;6.86&quot;,&quot;iso&quot;:&quot;80&quot;,&quot;shutter_speed&quot;:&quot;0.000414937759336&quot;,&quot;title&quot;:&quot;&quot;,&quot;orientation&quot;:&quot;1&quot;}\" data-image-title=\"IMG_8829\" data-image-description=\"&lt;p&gt;https:\/\/taennlegeister.de\/crm\/wp-content\/uploads\/2025\/04\/cropped-IMG_8829-scaled-2.jpeg&lt;\/p&gt;\n\" data-image-caption=\"\" data-large-file=\"https:\/\/i0.wp.com\/taennlegeister.de\/crm\/wp-content\/uploads\/2025\/04\/cropped-IMG_8829-scaled-2.jpeg?fit=1024%2C943&amp;ssl=1\" src=\"https:\/\/i0.wp.com\/taennlegeister.de\/crm\/wp-content\/uploads\/2025\/04\/cropped-IMG_8829-scaled-2.jpeg?resize=1917%2C1765&#038;ssl=1\" class=\"style-238-images style-local-8346-c8-images wp-image-8558 style-241-image style-local-8346-c11-image\" alt=\"\" srcset=\"https:\/\/i0.wp.com\/taennlegeister.de\/crm\/wp-content\/uploads\/2025\/04\/cropped-IMG_8829-scaled-2.jpeg?w=1917&amp;ssl=1 1917w, https:\/\/i0.wp.com\/taennlegeister.de\/crm\/wp-content\/uploads\/2025\/04\/cropped-IMG_8829-scaled-2.jpeg?resize=300%2C276&amp;ssl=1 300w, https:\/\/i0.wp.com\/taennlegeister.de\/crm\/wp-content\/uploads\/2025\/04\/cropped-IMG_8829-scaled-2.jpeg?resize=1024%2C943&amp;ssl=1 1024w, https:\/\/i0.wp.com\/taennlegeister.de\/crm\/wp-content\/uploads\/2025\/04\/cropped-IMG_8829-scaled-2.jpeg?resize=768%2C707&amp;ssl=1 768w, https:\/\/i0.wp.com\/taennlegeister.de\/crm\/wp-content\/uploads\/2025\/04\/cropped-IMG_8829-scaled-2.jpeg?resize=1536%2C1414&amp;ssl=1 1536w\" sizes=\"auto, (max-width: 1000px) 100vw, 1000px\" \/>\n                              <div class=\"h-image__frame h-hide-lg h-hide-md h-hide-sm style-241-frameImage style-local-8346-c11-frameImage\"><\/div>\n                            <\/div>\n                          <\/div>\n                        <\/div>\n                        <div data-colibri-id=\"8346-c12\" class=\"d-block style-242 style-local-8346-c12 position-relative h-element\">\n                          <!---->\n                          <div class=\"h-image__frame-container-outer\">\n                            <div class=\"h-image__frame-container\">\n                              <!---->\n                              <!---->\n                              <img data-recalc-dims=\"1\" loading=\"lazy\" decoding=\"async\" width=\"193\" height=\"288\" data-attachment-id=\"7031\" data-permalink=\"https:\/\/taennlegeister.de\/crm\/narrenlogo-2\/\" data-orig-file=\"https:\/\/i0.wp.com\/taennlegeister.de\/crm\/wp-content\/uploads\/2017\/09\/narrenlogo.jpg?fit=193%2C288&amp;ssl=1\" data-orig-size=\"193,288\" data-comments-opened=\"0\" data-image-meta=\"{&quot;aperture&quot;:&quot;0&quot;,&quot;credit&quot;:&quot;&quot;,&quot;camera&quot;:&quot;&quot;,&quot;caption&quot;:&quot;&quot;,&quot;created_timestamp&quot;:&quot;0&quot;,&quot;copyright&quot;:&quot;&quot;,&quot;focal_length&quot;:&quot;0&quot;,&quot;iso&quot;:&quot;0&quot;,&quot;shutter_speed&quot;:&quot;0&quot;,&quot;title&quot;:&quot;&quot;,&quot;orientation&quot;:&quot;0&quot;}\" data-image-title=\"Sitelogo\" data-image-description=\"\" data-image-caption=\"\" data-large-file=\"https:\/\/i0.wp.com\/taennlegeister.de\/crm\/wp-content\/uploads\/2017\/09\/narrenlogo.jpg?fit=193%2C288&amp;ssl=1\" src=\"https:\/\/i0.wp.com\/taennlegeister.de\/crm\/wp-content\/uploads\/2017\/09\/narrenlogo.jpg?resize=193%2C288&#038;ssl=1\" class=\"style-238-images style-local-8346-c8-images wp-image-7031 style-242-image style-local-8346-c12-image\" alt=\"\" \/>\n                              <div class=\"h-image__frame h-hide-lg h-hide-md h-hide-sm style-242-frameImage style-local-8346-c12-frameImage\"><\/div>\n                            <\/div>\n                          <\/div>\n                        <\/div>\n                        <div data-colibri-id=\"8346-c13\" class=\"d-block style-243 style-local-8346-c13 position-relative h-element\">\n                          <!---->\n                          <div class=\"h-image__frame-container-outer\">\n                            <div class=\"h-image__frame-container\">\n                              <!---->\n                              <!---->\n                              <img data-recalc-dims=\"1\" loading=\"lazy\" decoding=\"async\" width=\"1917\" height=\"693\" data-attachment-id=\"8557\" data-permalink=\"https:\/\/taennlegeister.de\/crm\/img_8860\/img_8860-2\/\" data-orig-file=\"https:\/\/i0.wp.com\/taennlegeister.de\/crm\/wp-content\/uploads\/2025\/04\/cropped-IMG_8860-scaled-1.jpeg?fit=1917%2C693&amp;ssl=1\" data-orig-size=\"1917,693\" data-comments-opened=\"0\" data-image-meta=\"{&quot;aperture&quot;:&quot;2.8&quot;,&quot;credit&quot;:&quot;&quot;,&quot;camera&quot;:&quot;iPhone 14 Pro Max&quot;,&quot;caption&quot;:&quot;&quot;,&quot;created_timestamp&quot;:&quot;1707749634&quot;,&quot;copyright&quot;:&quot;&quot;,&quot;focal_length&quot;:&quot;9&quot;,&quot;iso&quot;:&quot;32&quot;,&quot;shutter_speed&quot;:&quot;0.00694444444444&quot;,&quot;title&quot;:&quot;&quot;,&quot;orientation&quot;:&quot;1&quot;}\" data-image-title=\"IMG_8860\" data-image-description=\"&lt;p&gt;https:\/\/taennlegeister.de\/crm\/wp-content\/uploads\/2025\/04\/cropped-IMG_8860-scaled-1.jpeg&lt;\/p&gt;\n\" data-image-caption=\"\" data-large-file=\"https:\/\/i0.wp.com\/taennlegeister.de\/crm\/wp-content\/uploads\/2025\/04\/cropped-IMG_8860-scaled-1.jpeg?fit=1024%2C370&amp;ssl=1\" src=\"https:\/\/i0.wp.com\/taennlegeister.de\/crm\/wp-content\/uploads\/2025\/04\/cropped-IMG_8860-scaled-1.jpeg?resize=1917%2C693&#038;ssl=1\" class=\"style-238-images style-local-8346-c8-images wp-image-8557 style-243-image style-local-8346-c13-image\" alt=\"\" srcset=\"https:\/\/i0.wp.com\/taennlegeister.de\/crm\/wp-content\/uploads\/2025\/04\/cropped-IMG_8860-scaled-1.jpeg?w=1917&amp;ssl=1 1917w, https:\/\/i0.wp.com\/taennlegeister.de\/crm\/wp-content\/uploads\/2025\/04\/cropped-IMG_8860-scaled-1.jpeg?resize=300%2C108&amp;ssl=1 300w, https:\/\/i0.wp.com\/taennlegeister.de\/crm\/wp-content\/uploads\/2025\/04\/cropped-IMG_8860-scaled-1.jpeg?resize=1024%2C370&amp;ssl=1 1024w, https:\/\/i0.wp.com\/taennlegeister.de\/crm\/wp-content\/uploads\/2025\/04\/cropped-IMG_8860-scaled-1.jpeg?resize=768%2C278&amp;ssl=1 768w, https:\/\/i0.wp.com\/taennlegeister.de\/crm\/wp-content\/uploads\/2025\/04\/cropped-IMG_8860-scaled-1.jpeg?resize=1536%2C555&amp;ssl=1 1536w\" sizes=\"auto, (max-width: 1000px) 100vw, 1000px\" \/>\n                              <div class=\"h-image__frame h-hide-lg h-hide-md h-hide-sm style-243-frameImage style-local-8346-c13-frameImage\"><\/div>\n                            <\/div>\n                          <\/div>\n                        <\/div>\n                      <\/div>\n                    <\/div>\n                  <\/div>\n                <\/div>\n              <\/div>\n            <\/div>\n          <\/div>\n        <\/div>\n      <\/div>\n    <\/div>\n  <\/div>\n  <div data-colibri-component=\"section\" data-colibri-id=\"8346-c18\" data-aos=\"slideInUp\" id=\"features\" class=\"h-section h-section-global-spacing d-flex align-items-lg-center align-items-md-center align-items-center style-509 style-local-8346-c18 position-relative\">\n    <!---->\n    <!---->\n    <div class=\"h-section-grid-container h-section-boxed-container\">\n      <!---->\n      <div data-colibri-id=\"8346-c19\" class=\"h-row-container gutters-row-lg-2 gutters-row-md-2 gutters-row-0 gutters-row-v-lg-2 gutters-row-v-md-2 gutters-row-v-2 style-510 style-local-8346-c19 position-relative\">\n        <!---->\n        <div class=\"h-row justify-content-lg-center justify-content-md-center justify-content-center align-items-lg-stretch align-items-md-stretch align-items-stretch gutters-col-lg-2 gutters-col-md-2 gutters-col-0 gutters-col-v-lg-2 gutters-col-v-md-2 gutters-col-v-2\">\n          <!---->\n          <div class=\"h-column h-column-container d-flex h-col-lg-4 h-col-md-4 h-col-12 style-511-outer style-local-8346-c20-outer\">\n            <div data-colibri-id=\"8346-c20\" class=\"d-flex h-flex-basis h-column__inner h-ui-empty-state-container h-px-lg-0 h-px-md-0 h-px-0 v-inner-lg-0 v-inner-md-0 v-inner-0 style-511 style-local-8346-c20 position-relative\">\n              <!---->\n              <!---->\n              <div class=\"w-100 h-y-container h-column__content h-column__v-align flex-basis-100\">\n                <!---->\n              <\/div>\n            <\/div>\n          <\/div>\n          <div class=\"h-column h-column-container d-flex h-col-lg-4 h-col-md-4 h-col-12 style-512-outer style-local-8346-c21-outer\">\n            <div data-colibri-id=\"8346-c21\" class=\"d-flex h-flex-basis h-column__inner h-ui-empty-state-container h-px-lg-2 h-px-md-0 h-px-2 v-inner-lg-2 v-inner-md-0 v-inner-2 style-512 style-local-8346-c21 position-relative\">\n              <!---->\n              <!---->\n              <div class=\"w-100 h-y-container h-column__content h-column__v-align flex-basis-100\">\n                <!---->\n              <\/div>\n            <\/div>\n          <\/div>\n          <div class=\"h-column h-column-container d-flex h-col-lg-4 h-col-md-4 h-col-12 style-515-outer style-local-8346-c22-outer\">\n            <div data-colibri-id=\"8346-c22\" class=\"d-flex h-flex-basis h-column__inner h-ui-empty-state-container h-px-lg-0 h-px-md-0 h-px-0 v-inner-lg-0 v-inner-md-0 v-inner-0 style-515 style-local-8346-c22 position-relative\">\n              <!---->\n              <!---->\n              <div class=\"w-100 h-y-container h-column__content h-column__v-align flex-basis-100\">\n                <!---->\n              <\/div>\n            <\/div>\n          <\/div>\n          <div class=\"h-column h-column-container d-flex h-col-lg-4 h-col-md-4 h-col-12 style-516-outer style-local-8346-c23-outer\">\n            <div data-colibri-id=\"8346-c23\" class=\"d-flex h-flex-basis h-column__inner h-ui-empty-state-container h-px-lg-0 h-px-md-0 h-px-0 v-inner-lg-0 v-inner-md-0 v-inner-0 style-516 style-local-8346-c23 position-relative\">\n              <!---->\n              <!---->\n              <div class=\"w-100 h-y-container h-column__content h-column__v-align flex-basis-100\">\n                <!---->\n              <\/div>\n            <\/div>\n          <\/div>\n          <div class=\"h-column h-column-container d-flex h-col-lg-4 h-col-md-4 h-col-12 style-517-outer style-local-8346-c24-outer\">\n            <div data-colibri-id=\"8346-c24\" class=\"d-flex h-flex-basis h-column__inner h-ui-empty-state-container h-px-lg-0 h-px-md-0 h-px-0 v-inner-lg-0 v-inner-md-0 v-inner-0 style-517 style-local-8346-c24 position-relative\">\n              <!---->\n              <!---->\n              <div class=\"w-100 h-y-container h-column__content h-column__v-align flex-basis-100\">\n                <!---->\n              <\/div>\n            <\/div>\n          <\/div>\n          <div class=\"h-column h-column-container d-flex h-col-lg-4 h-col-md-4 h-col-12 style-518-outer style-local-8346-c25-outer\">\n            <div data-colibri-id=\"8346-c25\" class=\"d-flex h-flex-basis h-column__inner h-ui-empty-state-container h-px-lg-0 h-px-md-0 h-px-0 v-inner-lg-0 v-inner-md-0 v-inner-0 style-518 style-local-8346-c25 position-relative\">\n              <!---->\n              <!---->\n              <div class=\"w-100 h-y-container h-column__content h-column__v-align flex-basis-100\">\n                <!---->\n              <\/div>\n            <\/div>\n          <\/div>\n        <\/div>\n      <\/div>\n    <\/div>\n  <\/div>\n<\/div>","protected":false},"excerpt":{"rendered":"<p>Mit unserem 3 fachen Narrenruf &#8222;T\u00e4nnle-Geister&#8220;hei\u00dfen wir dich auf unsere Homepage Herzlich WillkommenAuf der Seite findest du allerlei Wissenswertes \u00fcber uns Ob Historie, Unser H\u00e4s, das sch\u00f6ne Gedicht der T\u00e4nnlegeister [&hellip;]<\/p>\n","protected":false},"author":1,"featured_media":0,"parent":0,"menu_order":0,"comment_status":"closed","ping_status":"closed","template":"page-templates\/homepage.php","meta":{"footnotes":""},"class_list":["post-8346","page","type-page","status-publish","hentry"],"jetpack_shortlink":"https:\/\/wp.me\/P6XNT5-2aC","jetpack-related-posts":[{"id":121,"url":"https:\/\/taennlegeister.de\/crm\/das-gedicht-der-taennlegeister\/","url_meta":{"origin":8346,"position":0},"title":"Das Gedicht der T\u00e4nnlegeister","author":"Michael Schill","date":"13. April 2015","format":false,"excerpt":"Unser Gedicht Der Vater \u00fcber die Heide schritt,\u00a0er hat genommen sein B\u00fcblein mit, \u201eSiehst, B\u00fcblein, du den Tannenbaum,\u00a0wie er einsam steht im \u00f6den Raum? Es m\u00f6gen jetzt vierzig Jahre sein,\u00a0da ward die Tanne gepflanzt ein. Es war ein landschwerer Krieg,\u00a0bald hatte der Kaiser, bald Frankreich den Sieg. Damals lag just\u2026","rel":"","context":"\u00c4hnlicher Beitrag","block_context":{"text":"\u00c4hnlicher Beitrag","link":""},"img":{"alt_text":"","src":"https:\/\/i0.wp.com\/taennlegeister.de\/crm\/wp-content\/uploads\/2015\/04\/Gedicht.jpg?fit=1024%2C576&ssl=1&resize=350%2C200","width":350,"height":200,"srcset":"https:\/\/i0.wp.com\/taennlegeister.de\/crm\/wp-content\/uploads\/2015\/04\/Gedicht.jpg?fit=1024%2C576&ssl=1&resize=350%2C200 1x, https:\/\/i0.wp.com\/taennlegeister.de\/crm\/wp-content\/uploads\/2015\/04\/Gedicht.jpg?fit=1024%2C576&ssl=1&resize=525%2C300 1.5x, https:\/\/i0.wp.com\/taennlegeister.de\/crm\/wp-content\/uploads\/2015\/04\/Gedicht.jpg?fit=1024%2C576&ssl=1&resize=700%2C400 2x"},"classes":[]}],"jetpack_sharing_enabled":true,"_links":{"self":[{"href":"https:\/\/taennlegeister.de\/crm\/wp-json\/wp\/v2\/pages\/8346","targetHints":{"allow":["GET"]}}],"collection":[{"href":"https:\/\/taennlegeister.de\/crm\/wp-json\/wp\/v2\/pages"}],"about":[{"href":"https:\/\/taennlegeister.de\/crm\/wp-json\/wp\/v2\/types\/page"}],"author":[{"embeddable":true,"href":"https:\/\/taennlegeister.de\/crm\/wp-json\/wp\/v2\/users\/1"}],"replies":[{"embeddable":true,"href":"https:\/\/taennlegeister.de\/crm\/wp-json\/wp\/v2\/comments?post=8346"}],"version-history":[{"count":20,"href":"https:\/\/taennlegeister.de\/crm\/wp-json\/wp\/v2\/pages\/8346\/revisions"}],"predecessor-version":[{"id":10249,"href":"https:\/\/taennlegeister.de\/crm\/wp-json\/wp\/v2\/pages\/8346\/revisions\/10249"}],"wp:attachment":[{"href":"https:\/\/taennlegeister.de\/crm\/wp-json\/wp\/v2\/media?parent=8346"}],"curies":[{"name":"wp","href":"https:\/\/api.w.org\/{rel}","templated":true}]}}